{"id":11,"date":"2023-08-29T11:21:16","date_gmt":"2023-08-29T09:21:16","guid":{"rendered":"https:\/\/antesplus.pl\/?page_id=11"},"modified":"2023-10-27T10:51:53","modified_gmt":"2023-10-27T08:51:53","slug":"o-nas","status":"publish","type":"page","link":"https:\/\/antesplus.pl\/","title":{"rendered":"O nas"},"content":{"rendered":"\n<p class=\"has-text-align-center\"><strong>Antes Plus<\/strong><\/p>\n\n\n\n<p class=\"has-text-align-center\">Witamy na stronie Antes Plus sp. z o.o. &#8211; dynamicznej i do\u015bwiadczonej firmy specjalizuj\u0105cej si\u0119 w handlu mi\u0119dzynarodowym. Nasza historia si\u0119ga roku 1993, kiedy to powsta\u0142a firma Antes, kt\u00f3ra przez trzy dziesi\u0119ciolecia zdobywa\u0142a zaufanie klient\u00f3w poprzez rzetelno\u015b\u0107, solidno\u015b\u0107 i profesjonalizm. W 2022 roku przekszta\u0142cili\u015bmy si\u0119 w Antes Plus, kontynuuj\u0105c bogat\u0105 tradycj\u0119 przedsi\u0119biorstwa Antes. Posiadamy silne fundamenty, kt\u00f3re budowane by\u0142y przez dziesi\u0119ciolecia, co pozwala nam oferowa\u0107 us\u0142ugi najwy\u017cszej jako\u015bci.<\/p>\n\n\n\n<p><\/p>\n\n\n\n<p><\/p>\n\n\n\n<p><\/p>\n\n\n\n<p class=\"has-text-align-center\"><strong>DZIEDZICTWO I DO\u015aWIADCZENIE<\/strong><\/p>\n\n\n\n<p>W czasie 30 lat dzia\u0142alno\u015bci w bran\u017cy handlu mi\u0119dzynarodowego zdobyli\u015bmy nieocenione do\u015bwiadczenie, kt\u00f3re umo\u017cliwia nam spe\u0142nianie oczekiwa\u0144 nawet najbardziej wymagaj\u0105cych klient\u00f3w. To nasze dziedzictwo, poparte licznymi sukcesami i referencjami, stanowi fundament naszej wiarygodno\u015bci i renomy.<\/p>\n\n\n\n<p><\/p>\n\n\n\n<p><\/p>\n\n\n\n<p class=\"has-text-align-center\"><strong>NASZA PASJA I SPECJALIZACJA<\/strong><\/p>\n\n\n\n<p>Antes Plus to ekspert w dziedzinie handlu p\u0142ytkami ceramicznymi, kamieniem budowlanym i ozdobnym, ceramik\u0105 \u0142azienkow\u0105 oraz materia\u0142ami wyko\u0144czeniowymi dla budownictwa. Z naszej strony wniesiemy do wsp\u00f3\u0142pracy z Pa\u0144stwem nie tylko materia\u0142y najwy\u017cszej jako\u015bci, ale r\u00f3wnie\u017c wiedz\u0119 i do\u015bwiadczenie, kt\u00f3re przyczyni\u0105 si\u0119 do realizacji Waszych cel\u00f3w biznesowych.<\/p>\n\n\n\n<p><\/p>\n\n\n\n<p><\/p>\n\n\n\n<p class=\"has-text-align-center\"><strong>RZETELNO\u015a\u0106 I SOLIDNO\u015a\u0106<\/strong><\/p>\n\n\n\n<p>Jeste\u015bmy dumni z naszej reputacji jako uczciwego i niezawodnego partnera biznesowego. Dzia\u0142aj\u0105c zgodnie z etycznymi standardami, stawiamy na transparentno\u015b\u0107 i rzetelno\u015b\u0107 w ka\u017cdym z naszych dzia\u0142a\u0144. Klienci Antes Plus mog\u0105 mie\u0107 pewno\u015b\u0107, \u017ce ich interesy s\u0105 chronione i szanowane.<\/p>\n\n\n\n<p><\/p>\n\n\n\n<p class=\"has-text-align-center\"><strong>GLOBALNY ZASI\u0118G<\/strong><\/p>\n\n\n\n<p>Nasza d\u0142ugoletnia obecno\u015b\u0107 na rynkach \u015bwiatowych umo\u017cliwi\u0142a nam nawi\u0105zanie trwa\u0142ych relacji z partnerami w r\u00f3\u017cnych cz\u0119\u015bciach globu. Dzi\u0119ki temu jeste\u015bmy w stanie oferowa\u0107 naszym klientom dost\u0119p do najwy\u017cszej jako\u015bci materia\u0142\u00f3w wyko\u0144czeniowych pochodz\u0105cych z r\u00f3\u017cnych region\u00f3w, zgodnie z ich indywidualnymi potrzebami.<\/p>\n\n\n\n<p><\/p>\n\n\n\n<p class=\"has-text-align-center\"><strong>SPRAWDZENI I WIARYGODNI KONTRAHENCI<\/strong><\/p>\n\n\n\n<p>Antes Plus opiera swoj\u0105 dzia\u0142alno\u015b\u0107 na partnerskich relacjach z niezawodnymi dostawcami i producentami. Wsp\u00f3\u0142pracujemy wy\u0142\u0105cznie z wybranymi kontrahentami, kt\u00f3rzy podzielaj\u0105 nasze warto\u015bci etyczne i jako\u015bciowe. Ka\u017cdy z naszych partner\u00f3w jest dok\u0142adnie weryfikowany pod wzgl\u0119dem standard\u00f3w produkcyjnych, etycznego podej\u015bcia oraz spe\u0142niania naszych rygorystycznych kryteri\u00f3w. Dzi\u0119ki tym sprawdzonym relacjom, mo\u017cemy dostarcza\u0107 naszym klientom produkty o niezmiennie wysokiej jako\u015bci, zgodne z ich oczekiwaniami i wymaganiami.<\/p>\n\n\n\n<p class=\"has-text-align-center\"><strong>ZAUFANIE I BEZPIECZE\u0143STWO TRANSAKCJI<\/strong><\/p>\n\n\n\n<p>Jako Antes Plus, zawsze stawiamy na zaufanie jako podstaw\u0119 naszego dzia\u0142ania. Nasza polityka wsp\u00f3\u0142pracy opiera si\u0119 na otwartej komunikacji, przejrzysto\u015bci i zgodno\u015bci z przepisami. Klienci mog\u0105 mie\u0107 pewno\u015b\u0107, \u017ce ka\u017cda transakcja jest dok\u0142adnie monitorowana i zarz\u0105dzana, aby zapewni\u0107 bezpiecze\u0144stwo i spok\u00f3j umys\u0142u.<\/p>\n\n\n\n<p>Niezale\u017cnie od skali projektu czy lokalizacji, nasza firma jest gotowa zapewni\u0107 Pa\u0144stwu nie tylko materia\u0142y najwy\u017cszej jako\u015bci, ale tak\u017ce kompleksow\u0105 obs\u0142ug\u0119 opart\u0105 na partnerskich relacjach.<\/p>\n\n\n\n<p><\/p>\n\n\n\n<p class=\"has-text-align-center\"><strong>REALIZACJA NIETYPOWYCH ZLECE\u0143<\/strong><\/p>\n\n\n\n<p>Nie boimy si\u0119 wyzwa\u0144. Dzi\u0119ki naszej elastyczno\u015bci i kreatywno\u015bci, podejmujemy si\u0119 nietypowych zlece\u0144 i projekt\u00f3w. Nasza zdolno\u015b\u0107 dostosowania si\u0119 do zmiennych wymaga\u0144 rynku sprawia, \u017ce jeste\u015bmy partnerem, na kt\u00f3rym mo\u017cna polega\u0107 w realizacji nawet najbardziej nietypowych zlece\u0144<\/p>\n\n\n\n<p>.<\/p>\n","protected":false},"excerpt":{"rendered":"<p>Antes Plus Witamy na stronie Antes Plus sp. z o.o. &#8211; dynamicznej i do\u015bwiadczonej firmy specjalizuj\u0105cej si\u0119 w handlu mi\u0119dzynarodowym. Nasza historia si\u0119ga roku 1993, kiedy to powsta\u0142a firma Antes, kt\u00f3ra przez trzy dziesi\u0119ciolecia zdobywa\u0142a zaufanie klient\u00f3w poprzez rzetelno\u015b\u0107, solidno\u015b\u0107 i profesjonalizm. W 2022 roku przekszta\u0142cili\u015bmy si\u0119 w Antes Plus, kontynuuj\u0105c bogat\u0105 tradycj\u0119 przedsi\u0119biorstwa Antes. &#8230; <a title=\"O nas\" class=\"read-more\" href=\"https:\/\/antesplus.pl\/\" aria-label=\"Wi\u0119cej na O nas\">Dowiedz si\u0119 wi\u0119cej<\/a><\/p>\n","protected":false},"author":1,"featured_media":0,"parent":0,"menu_order":0,"comment_status":"closed","ping_status":"closed","template":"","meta":{"ngg_post_thumbnail":0,"footnotes":""},"class_list":["post-11","page","type-page","status-publish"],"_links":{"self":[{"href":"https:\/\/antesplus.pl\/index.php?rest_route=\/wp\/v2\/pages\/11","targetHints":{"allow":["GET"]}}],"collection":[{"href":"https:\/\/antesplus.pl\/index.php?rest_route=\/wp\/v2\/pages"}],"about":[{"href":"https:\/\/antesplus.pl\/index.php?rest_route=\/wp\/v2\/types\/page"}],"author":[{"embeddable":true,"href":"https:\/\/antesplus.pl\/index.php?rest_route=\/wp\/v2\/users\/1"}],"replies":[{"embeddable":true,"href":"https:\/\/antesplus.pl\/index.php?rest_route=%2Fwp%2Fv2%2Fcomments&post=11"}],"version-history":[{"count":3,"href":"https:\/\/antesplus.pl\/index.php?rest_route=\/wp\/v2\/pages\/11\/revisions"}],"predecessor-version":[{"id":23,"href":"https:\/\/antesplus.pl\/index.php?rest_route=\/wp\/v2\/pages\/11\/revisions\/23"}],"wp:attachment":[{"href":"https:\/\/antesplus.pl\/index.php?rest_route=%2Fwp%2Fv2%2Fmedia&parent=11"}],"curies":[{"name":"wp","href":"https:\/\/api.w.org\/{rel}","templated":true}]}}